{"id":663,"date":"2017-02-04T13:30:21","date_gmt":"2017-02-04T13:30:21","guid":{"rendered":"https:\/\/www.adriendelannoy.com\/?page_id=663"},"modified":"2018-06-03T13:08:51","modified_gmt":"2018-06-03T13:08:51","slug":"bio","status":"publish","type":"page","link":"https:\/\/www.adriendelannoy.com\/?page_id=663","title":{"rendered":"Bio"},"content":{"rendered":"<p style=\"text-align: left;\">N\u00e9 \u00e0 Paris.<br \/>\nSe passionne tr\u00e8s jeune pour le dessin.<br \/>\nPoursuit des \u00e9tudes d&rsquo;histoire de l&rsquo;art \u00e0 l&rsquo;universit\u00e9 de Poitiers se sp\u00e9cialisant dans la gravure fran\u00e7aise du XVII<sup>e<\/sup> si\u00e8cle.<br \/>\nTravaille en tant que dessinateur dans le story-board pour la publicit\u00e9.<br \/>\nA fr\u00e9quent\u00e9 parall\u00e8lement les ateliers Beaux-Arts de la ville de Paris.<\/p>\n<p style=\"text-align: left;\">Inspir\u00e9 par la figure humaine et par le paysage, dans la lign\u00e9e des peintres luministes, il travaille principalement \u00e0 l&rsquo;huile mais utilise aussi d&rsquo;autres m\u00e9diums.<\/p>\n<p align=\"left\">Aimant particuli\u00e8rement la lumi\u00e8re et les effets d\u2019atmosph\u00e8re, il cherche \u00e0 \u00e9voquer l\u2019esprit d\u2019un sujet et \u00e0 saisir la beaut\u00e9 du monde qui nous entoure m\u00eame l\u00e0 o\u00f9 l\u2019on ne la soup\u00e7onne pas.<\/p>\n<p style=\"text-align: left;\">Peut-\u00eatre le croiserez-vous en train de peindre avec sa bo\u00eete sur le motif&nbsp;!<\/p>\n<p>&nbsp;<\/p>\n","protected":false},"excerpt":{"rendered":"<p>N\u00e9 \u00e0 Paris. Se passionne tr\u00e8s jeune pour le dessin. Poursuit des \u00e9tudes d&rsquo;histoire de l&rsquo;art \u00e0 l&rsquo;universit\u00e9 de Poitiers se sp\u00e9cialisant dans la gravure fran\u00e7aise du XVIIe si\u00e8cle. Travaille en tant que dessinateur dans le story-board pour la publicit\u00e9. A fr\u00e9quent\u00e9 parall\u00e8lement les ateliers Beaux-Arts de la ville de Paris. Inspir\u00e9 par la figure&hellip;<\/p>\n","protected":false},"author":1,"featured_media":0,"parent":0,"menu_order":0,"comment_status":"closed","ping_status":"closed","template":"","meta":{"ngg_post_thumbnail":0,"footnotes":""},"class_list":["post-663","page","type-page","status-publish","hentry","empty-entry-meta"],"_links":{"self":[{"href":"https:\/\/www.adriendelannoy.com\/index.php?rest_route=\/wp\/v2\/pages\/663","targetHints":{"allow":["GET"]}}],"collection":[{"href":"https:\/\/www.adriendelannoy.com\/index.php?rest_route=\/wp\/v2\/pages"}],"about":[{"href":"https:\/\/www.adriendelannoy.com\/index.php?rest_route=\/wp\/v2\/types\/page"}],"author":[{"embeddable":true,"href":"https:\/\/www.adriendelannoy.com\/index.php?rest_route=\/wp\/v2\/users\/1"}],"replies":[{"embeddable":true,"href":"https:\/\/www.adriendelannoy.com\/index.php?rest_route=%2Fwp%2Fv2%2Fcomments&post=663"}],"version-history":[{"count":14,"href":"https:\/\/www.adriendelannoy.com\/index.php?rest_route=\/wp\/v2\/pages\/663\/revisions"}],"predecessor-version":[{"id":769,"href":"https:\/\/www.adriendelannoy.com\/index.php?rest_route=\/wp\/v2\/pages\/663\/revisions\/769"}],"wp:attachment":[{"href":"https:\/\/www.adriendelannoy.com\/index.php?rest_route=%2Fwp%2Fv2%2Fmedia&parent=663"}],"curies":[{"name":"wp","href":"https:\/\/api.w.org\/{rel}","templated":true}]}}